{"id":2378,"date":"2025-11-27T19:35:14","date_gmt":"2025-11-27T19:35:14","guid":{"rendered":"http:\/\/www.estudirax.pt\/?page_id=2378"},"modified":"2025-11-29T09:14:35","modified_gmt":"2025-11-29T09:14:35","slug":"contacto-marcacao-online","status":"publish","type":"page","link":"https:\/\/www.estudirax.pt\/?page_id=2378","title":{"rendered":"Contacto \/ Marca\u00e7\u00e3o Online"},"content":{"rendered":"<h1>Marca\u00e7\u00e3o Online<\/h1>\n<hr>\n<div>\n<style id=\"wpforms-css-vars-2395\">\n\t\t\t\t#wpforms-2395 {\n\t\t\t\t--wpforms-field-border-color: rgba(0, 0, 0, 0.25);\n--wpforms-field-border-color-spare: rgba(0, 0, 0, 0.25);\n--wpforms-field-text-color: rgba(0, 0, 0, 0.7);\n--wpforms-label-color: #515070;\n--wpforms-label-sublabel-color: #a8a7b7;\n--wpforms-button-background-color: #1db9e8;\n--wpforms-container-padding: 0px;\n--wpforms-container-border-width: 1px;\n--wpforms-container-border-radius: 3px;\n--wpforms-background-color: rgba(0, 0, 0, 0);\n--wpforms-field-size-input-height: 43px;\n--wpforms-field-size-input-spacing: 15px;\n--wpforms-field-size-font-size: 16px;\n--wpforms-field-size-line-height: 19px;\n--wpforms-field-size-padding-h: 14px;\n--wpforms-field-size-checkbox-size: 16px;\n--wpforms-field-size-sublabel-spacing: 5px;\n--wpforms-field-size-icon-size: 1;\n--wpforms-label-size-font-size: 16px;\n--wpforms-label-size-line-height: 19px;\n--wpforms-label-size-sublabel-font-size: 14px;\n--wpforms-label-size-sublabel-line-height: 17px;\n--wpforms-button-size-font-size: 17px;\n--wpforms-button-size-height: 41px;\n--wpforms-button-size-padding-h: 15px;\n--wpforms-button-size-margin-top: 10px;\n--wpforms-container-shadow-size-box-shadow: none;\n\t\t\t}\n\t\t\t<\/style><div class=\"wpforms-container wpforms-container-full wpforms-render-modern\" id=\"wpforms-2395\"><form id=\"wpforms-form-2395\" class=\"wpforms-validate wpforms-form wpforms-ajax-form\" data-formid=\"2395\" method=\"post\" enctype=\"multipart\/form-data\" action=\"\/index.php?rest_route=%2Fwp%2Fv2%2Fpages%2F2378\" data-token=\"5bad1c69221811fda7bc3531dc6874a1\" data-token-time=\"1777985123\"><noscript class=\"wpforms-error-noscript\">Please enable JavaScript in your browser to complete this form.<\/noscript><div id=\"wpforms-error-noscript\" style=\"display: none;\">Please enable JavaScript in your browser to complete this form.<\/div><div class=\"wpforms-field-container\"><div id=\"wpforms-2395-field_1-container\" class=\"wpforms-field wpforms-field-name\" data-field-id=\"1\"><label class=\"wpforms-field-label\" for=\"wpforms-2395-field_1\">Nome <span class=\"wpforms-required-label\" aria-hidden=\"true\">*<\/span><\/label><input type=\"text\" id=\"wpforms-2395-field_1\" class=\"wpforms-field-large wpforms-field-required\" name=\"wpforms[fields][1]\" aria-errormessage=\"wpforms-2395-field_1-error\" required><\/div><div id=\"wpforms-2395-field_2-container\" class=\"wpforms-field wpforms-field-email\" data-field-id=\"2\"><label class=\"wpforms-field-label\" for=\"wpforms-2395-field_2\">Email <span class=\"wpforms-required-label\" aria-hidden=\"true\">*<\/span><\/label><input type=\"email\" id=\"wpforms-2395-field_2\" class=\"wpforms-field-small wpforms-field-required\" name=\"wpforms[fields][2]\" spellcheck=\"false\" aria-errormessage=\"wpforms-2395-field_2-error\" required><\/div><div id=\"wpforms-2395-field_9-container\" class=\"wpforms-field wpforms-field-text\" data-field-id=\"9\"><label class=\"wpforms-field-label\" for=\"wpforms-2395-field_9\">Contacto Telef\u00f3nico <span class=\"wpforms-required-label\" aria-hidden=\"true\">*<\/span><\/label><input type=\"text\" id=\"wpforms-2395-field_9\" class=\"wpforms-field-small wpforms-field-required wpforms-masked-input wpforms-limit-characters-enabled\" data-rule-inputmask-incomplete=\"1\" data-inputmask-mask=\"999999999\" data-form-id=\"2395\" data-field-id=\"9\" data-text-limit=\"9\" name=\"wpforms[fields][9]\" aria-errormessage=\"wpforms-2395-field_9-error\" maxlength=\"9\" required><\/div>\t\t<div id=\"wpforms-2395-field_4-container\"\n\t\t\tclass=\"wpforms-field wpforms-field-text\"\n\t\t\tdata-field-type=\"text\"\n\t\t\tdata-field-id=\"4\"\n\t\t\t>\n\t\t\t<label class=\"wpforms-field-label\" for=\"wpforms-2395-field_4\" >de Telef\u00f3nico Detalhes<\/label>\n\t\t\t<input type=\"text\" id=\"wpforms-2395-field_4\" class=\"wpforms-field-medium\" name=\"wpforms[fields][4]\" >\n\t\t<\/div>\n\t\t<div id=\"wpforms-2395-field_12-container\" class=\"wpforms-field wpforms-field-checkbox wpforms-list-3-columns\" data-field-id=\"12\"><fieldset><legend class=\"wpforms-field-label\">Tipo de Exame <span class=\"wpforms-required-label\" aria-hidden=\"true\">*<\/span><\/legend><ul id=\"wpforms-2395-field_12\" class=\"wpforms-field-required\"><li class=\"choice-9 depth-1\"><input type=\"checkbox\" id=\"wpforms-2395-field_12_9\" name=\"wpforms[fields][12][]\" value=\"Outra quest\u00e3o\" aria-errormessage=\"wpforms-2395-field_12_9-error\" required ><label class=\"wpforms-field-label-inline\" for=\"wpforms-2395-field_12_9\">Outra quest\u00e3o<\/label><\/li><li class=\"choice-1 depth-1\"><input type=\"checkbox\" id=\"wpforms-2395-field_12_1\" name=\"wpforms[fields][12][]\" value=\"Radiografia\" aria-errormessage=\"wpforms-2395-field_12_1-error\" required ><label class=\"wpforms-field-label-inline\" for=\"wpforms-2395-field_12_1\">Radiografia<\/label><\/li><li class=\"choice-2 depth-1\"><input type=\"checkbox\" id=\"wpforms-2395-field_12_2\" name=\"wpforms[fields][12][]\" value=\"Mamografia\" aria-errormessage=\"wpforms-2395-field_12_2-error\" required ><label class=\"wpforms-field-label-inline\" for=\"wpforms-2395-field_12_2\">Mamografia<\/label><\/li><li class=\"choice-3 depth-1\"><input type=\"checkbox\" id=\"wpforms-2395-field_12_3\" name=\"wpforms[fields][12][]\" value=\"Ecografia\" aria-errormessage=\"wpforms-2395-field_12_3-error\" required ><label class=\"wpforms-field-label-inline\" for=\"wpforms-2395-field_12_3\">Ecografia<\/label><\/li><li class=\"choice-8 depth-1\"><input type=\"checkbox\" id=\"wpforms-2395-field_12_8\" name=\"wpforms[fields][12][]\" value=\"TAC\" aria-errormessage=\"wpforms-2395-field_12_8-error\" required ><label class=\"wpforms-field-label-inline\" for=\"wpforms-2395-field_12_8\">TAC<\/label><\/li><li class=\"choice-5 depth-1\"><input type=\"checkbox\" id=\"wpforms-2395-field_12_5\" name=\"wpforms[fields][12][]\" value=\"Ortopantomografia\" aria-errormessage=\"wpforms-2395-field_12_5-error\" required ><label class=\"wpforms-field-label-inline\" for=\"wpforms-2395-field_12_5\">Ortopantomografia<\/label><\/li><li class=\"choice-4 depth-1\"><input type=\"checkbox\" id=\"wpforms-2395-field_12_4\" name=\"wpforms[fields][12][]\" value=\"Dental Scan (CBCT)\" aria-errormessage=\"wpforms-2395-field_12_4-error\" required ><label class=\"wpforms-field-label-inline\" for=\"wpforms-2395-field_12_4\">Dental Scan (CBCT)<\/label><\/li><\/ul><\/fieldset><\/div><div id=\"wpforms-2395-field_10-container\" class=\"wpforms-field wpforms-field-text\" data-field-id=\"10\"><label class=\"wpforms-field-label\" for=\"wpforms-2395-field_10\">Data Pretendida<\/label><input type=\"text\" id=\"wpforms-2395-field_10\" class=\"wpforms-field-small wpforms-masked-input wpforms-limit-characters-enabled\" data-rule-inputmask-incomplete=\"1\" data-inputmask-mask=\"99\/99\/9999\" data-form-id=\"2395\" data-field-id=\"10\" data-text-limit=\"10\" name=\"wpforms[fields][10]\" placeholder=\"DD\/MM\/AAAA\" aria-errormessage=\"wpforms-2395-field_10-error\" maxlength=\"10\" ><\/div><div id=\"wpforms-2395-field_13-container\" class=\"wpforms-field wpforms-field-radio\" data-field-id=\"13\"><fieldset><legend class=\"wpforms-field-label\">Hor\u00e1rio<\/legend><ul id=\"wpforms-2395-field_13\"><li class=\"choice-1 depth-1\"><input type=\"radio\" id=\"wpforms-2395-field_13_1\" name=\"wpforms[fields][13]\" value=\"Manh\u00e3\" aria-errormessage=\"wpforms-2395-field_13_1-error\"  ><label class=\"wpforms-field-label-inline\" for=\"wpforms-2395-field_13_1\">Manh\u00e3<\/label><\/li><li class=\"choice-2 depth-1\"><input type=\"radio\" id=\"wpforms-2395-field_13_2\" name=\"wpforms[fields][13]\" value=\"Tarde\" aria-errormessage=\"wpforms-2395-field_13_2-error\"  ><label class=\"wpforms-field-label-inline\" for=\"wpforms-2395-field_13_2\">Tarde<\/label><\/li><\/ul><\/fieldset><\/div><div id=\"wpforms-2395-field_3-container\" class=\"wpforms-field wpforms-field-textarea\" data-field-id=\"3\"><label class=\"wpforms-field-label\" for=\"wpforms-2395-field_3\">Detalhes<\/label><textarea id=\"wpforms-2395-field_3\" class=\"wpforms-field-medium\" name=\"wpforms[fields][3]\" placeholder=\"Deixe aqui detalhes da sua marca\u00e7\u00e3o\" aria-errormessage=\"wpforms-2395-field_3-error\" ><\/textarea><\/div><div id=\"wpforms-2395-field_7-container\" class=\"wpforms-field wpforms-field-checkbox\" data-field-id=\"7\"><fieldset><legend class=\"wpforms-field-label\">Regulamento Geral sobre a Prote\u00e7\u00e3o de Dados (RGPD) <span class=\"wpforms-required-label\" aria-hidden=\"true\">*<\/span><\/legend><ul id=\"wpforms-2395-field_7\" class=\"wpforms-field-required\" data-choice-limit=\"1\"><li class=\"choice-1 depth-1\"><input type=\"checkbox\" id=\"wpforms-2395-field_7_1\" data-rule-check-limit=\"true\" name=\"wpforms[fields][7][]\" value=\"Declaro que os dados fornecidos s\u00e3o verdadeiros e que autorizo o seu uso \u00fanica e exclusivamente para efeitos de marca\u00e7\u00e3o de exames\" aria-errormessage=\"wpforms-2395-field_7_1-error\" required ><label class=\"wpforms-field-label-inline\" for=\"wpforms-2395-field_7_1\">Declaro que os dados fornecidos s\u00e3o verdadeiros e que autorizo o seu uso \u00fanica e exclusivamente para efeitos de marca\u00e7\u00e3o de exames<\/label><\/li><\/ul><\/fieldset><\/div><script>\n\t\t\t\t( function() {\n\t\t\t\t\tconst style = document.createElement( 'style' );\n\t\t\t\t\tstyle.appendChild( document.createTextNode( '#wpforms-2395-field_4-container { position: absolute !important; overflow: hidden !important; display: inline !important; height: 1px !important; width: 1px !important; z-index: -1000 !important; padding: 0 !important; } #wpforms-2395-field_4-container input { visibility: hidden; } #wpforms-conversational-form-page #wpforms-2395-field_4-container label { counter-increment: none; }' ) );\n\t\t\t\t\tdocument.head.appendChild( style );\n\t\t\t\t\tdocument.currentScript?.remove();\n\t\t\t\t} )();\n\t\t\t<\/script><\/div><!-- .wpforms-field-container --><div class=\"wpforms-recaptcha-container wpforms-is-recaptcha wpforms-is-recaptcha-type-v3\" ><input type=\"hidden\" name=\"wpforms[recaptcha]\" value=\"\"><\/div><div class=\"wpforms-submit-container\" ><input type=\"hidden\" name=\"wpforms[id]\" value=\"2395\"><input type=\"hidden\" name=\"page_title\" value=\"\"><input type=\"hidden\" name=\"page_url\" value=\"https:\/\/www.estudirax.pt\/index.php?rest_route=\/wp\/v2\/pages\/2378\"><input type=\"hidden\" name=\"url_referer\" value=\"\"><button type=\"submit\" name=\"wpforms[submit]\" id=\"wpforms-submit-2395\" class=\"wpforms-submit\" data-alt-text=\"A enviar...\" data-submit-text=\"Enviar pedido de Marca\u00e7\u00e3o\" aria-live=\"assertive\" value=\"wpforms-submit\">Enviar pedido de Marca\u00e7\u00e3o<\/button><img loading=\"lazy\" decoding=\"async\" src=\"https:\/\/www.estudirax.pt\/wp-content\/plugins\/wpforms-lite\/assets\/images\/submit-spin.svg\" class=\"wpforms-submit-spinner\" style=\"display: none;\" width=\"26\" height=\"26\" alt=\"Loading\"><\/div><\/form><\/div>  <!-- .wpforms-container --><\/div>\n<p><!--more--><br \/>\n<!-- {\"type\":\"layout\",\"children\":[{\"type\":\"section\",\"props\":{\"image_position\":\"center-center\",\"style\":\"default\",\"title_breakpoint\":\"xl\",\"title_position\":\"top-left\",\"title_rotation\":\"left\",\"vertical_align\":\"middle\",\"width\":\"default\"},\"children\":[{\"type\":\"row\",\"children\":[{\"type\":\"column\",\"props\":{\"image_position\":\"center-center\",\"position_sticky_breakpoint\":\"m\"},\"children\":[{\"type\":\"headline\",\"props\":{\"content\":\"Marca\\u00e7\\u00e3o Online\",\"margin\":\"medium\",\"text_align\":\"center\",\"title_element\":\"h1\",\"title_font_family\":\"tertiary\",\"title_style\":\"h1\"}},{\"type\":\"divider\",\"props\":{\"divider_element\":\"hr\"}}]}]},{\"type\":\"row\",\"children\":[{\"type\":\"column\",\"props\":{\"image_position\":\"center-center\",\"position_sticky_breakpoint\":\"m\"},\"children\":[{\"type\":\"html\",\"props\":{\"content\":\"[wpforms id=\\\"2395\\\" title=\\\"false\\\"]\"}}]}]}]}],\"version\":\"4.5.32\"} --><\/p>\n","protected":false},"excerpt":{"rendered":"<p>Marca\u00e7\u00e3o Online<\/p>\n","protected":false},"author":1,"featured_media":0,"parent":0,"menu_order":0,"comment_status":"closed","ping_status":"closed","template":"","meta":{"_acf_changed":false,"footnotes":""},"class_list":["post-2378","page","type-page","status-publish","hentry"],"acf":[],"_links":{"self":[{"href":"https:\/\/www.estudirax.pt\/index.php?rest_route=\/wp\/v2\/pages\/2378","targetHints":{"allow":["GET"]}}],"collection":[{"href":"https:\/\/www.estudirax.pt\/index.php?rest_route=\/wp\/v2\/pages"}],"about":[{"href":"https:\/\/www.estudirax.pt\/index.php?rest_route=\/wp\/v2\/types\/page"}],"author":[{"embeddable":true,"href":"https:\/\/www.estudirax.pt\/index.php?rest_route=\/wp\/v2\/users\/1"}],"replies":[{"embeddable":true,"href":"https:\/\/www.estudirax.pt\/index.php?rest_route=%2Fwp%2Fv2%2Fcomments&post=2378"}],"version-history":[{"count":0,"href":"https:\/\/www.estudirax.pt\/index.php?rest_route=\/wp\/v2\/pages\/2378\/revisions"}],"wp:attachment":[{"href":"https:\/\/www.estudirax.pt\/index.php?rest_route=%2Fwp%2Fv2%2Fmedia&parent=2378"}],"curies":[{"name":"wp","href":"https:\/\/api.w.org\/{rel}","templated":true}]}}